{"id":10954,"date":"2025-05-05T14:43:38","date_gmt":"2025-05-05T12:43:38","guid":{"rendered":"https:\/\/jockyart.de\/?page_id=10954"},"modified":"2025-05-20T11:20:28","modified_gmt":"2025-05-20T09:20:28","slug":"s-d","status":"publish","type":"page","link":"https:\/\/jockyart.de\/de_de\/testimonials\/s-d\/","title":{"rendered":"S.D."},"content":{"rendered":"<div class=\"wp-block-image\">\n<figure data-wp-context=\"{&quot;imageId&quot;:&quot;69dba001b1c97&quot;}\" data-wp-interactive=\"core\/image\" data-wp-key=\"69dba001b1c97\" class=\"alignleft size-medium wp-lightbox-container\"><img loading=\"lazy\" decoding=\"async\" width=\"210\" height=\"300\" data-wp-class--hide=\"state.isContentHidden\" data-wp-class--show=\"state.isContentVisible\" data-wp-init=\"callbacks.setButtonStyles\" data-wp-on--click=\"actions.showLightbox\" data-wp-on--load=\"callbacks.setButtonStyles\" data-wp-on-window--resize=\"callbacks.setButtonStyles\" src=\"https:\/\/jockyart.de\/wp-content\/uploads\/2024\/08\/Grau_Frau_Farbrausch_web-210x300.jpg\" alt=\"Die graue Frau und der Farbrausch\" class=\"wp-image-8501\" srcset=\"https:\/\/jockyart.de\/wp-content\/uploads\/2024\/08\/Grau_Frau_Farbrausch_web-210x300.jpg 210w, https:\/\/jockyart.de\/wp-content\/uploads\/2024\/08\/Grau_Frau_Farbrausch_web-1074x1536.jpg 1074w, https:\/\/jockyart.de\/wp-content\/uploads\/2024\/08\/Grau_Frau_Farbrausch_web-8x12.jpg 8w, https:\/\/jockyart.de\/wp-content\/uploads\/2024\/08\/Grau_Frau_Farbrausch_web-1320x1888.jpg 1320w, https:\/\/jockyart.de\/wp-content\/uploads\/2024\/08\/Grau_Frau_Farbrausch_web-324x464.jpg 324w, https:\/\/jockyart.de\/wp-content\/uploads\/2024\/08\/Grau_Frau_Farbrausch_web-416x595.jpg 416w, https:\/\/jockyart.de\/wp-content\/uploads\/2024\/08\/Grau_Frau_Farbrausch_web-768x1099.jpg 768w, https:\/\/jockyart.de\/wp-content\/uploads\/2024\/08\/Grau_Frau_Farbrausch_web-716x1024.jpg 716w, https:\/\/jockyart.de\/wp-content\/uploads\/2024\/08\/Grau_Frau_Farbrausch_web.jpg 1398w\" sizes=\"auto, (max-width: 210px) 100vw, 210px\" \/><button\n\t\t\tclass=\"lightbox-trigger\"\n\t\t\ttype=\"button\"\n\t\t\taria-haspopup=\"dialog\"\n\t\t\taria-label=\"Vergr\u00f6\u00dfern\"\n\t\t\tdata-wp-init=\"callbacks.initTriggerButton\"\n\t\t\tdata-wp-on--click=\"actions.showLightbox\"\n\t\t\tdata-wp-style--right=\"state.imageButtonRight\"\n\t\t\tdata-wp-style--top=\"state.imageButtonTop\"\n\t\t>\n\t\t\t<svg xmlns=\"http:\/\/www.w3.org\/2000\/svg\" width=\"12\" height=\"12\" fill=\"none\" viewBox=\"0 0 12 12\">\n\t\t\t\t<path fill=\"#fff\" d=\"M2 0a2 2 0 0 0-2 2v2h1.5V2a.5.5 0 0 1 .5-.5h2V0H2Zm2 10.5H2a.5.5 0 0 1-.5-.5V8H0v2a2 2 0 0 0 2 2h2v-1.5ZM8 12v-1.5h2a.5.5 0 0 0 .5-.5V8H12v2a2 2 0 0 1-2 2H8Zm2-12a2 2 0 0 1 2 2v2h-1.5V2a.5.5 0 0 0-.5-.5H8V0h2Z\" \/>\n\t\t\t<\/svg>\n\t\t<\/button><\/figure>\n<\/div>\n\n\n<p>Das ist ja der absolute Hammer!!!!!!! Ich bin echt gepl\u00e4ttet. Ich hatte ja so gar keine Vorstellung, sondern habe ja bewusst gesagt, ich w\u00fcnsche mir ein prophetisches Bild. Dass das auch Zeit in Anspruch nimmt, hat mich gar nicht gewundert.<\/p>\n\n\n\n<p><strong>Das Bild spiegelt mein aktuelles Seelenleben so krass wieder, dass es unheimlich ist. Genau SO f\u00fchle ich mich in den letzten Wochen und Monaten.<br>Nackt<br>Lost<\/strong><\/p>\n\n\n\n<p>Zu viele Eindr\u00fccke, keine gerade Linie.<br>Ich bin ersch\u00f6pft, mir ist das Neue zu viel<br>ich kann mich nicht entscheiden.<br>Ich wei\u00df Gott ist mein Versorger, aber ich finde meine ToDos nicht.<br>Ich stehe teilweise wie festgefroren, auf der Stelle tretend, unf\u00e4hig mich vor lauter Optionen zu bewegen, <br>will keine Fehler machen<\/p>\n\n\n\n<p><strong>WOW \u2026 Johannes. Das ist echt ein krasses Bild und Eindruck. Ich wei\u00df gar nicht, wie ich dir danken soll. Das \u00fcbertrifft wirklich alles, was ich mir h\u00e4tte vorstellen k\u00f6nnen.<\/strong><\/p>\n\n\n\n<p>Link zum Blogbeitrag mit dem Eindruck f\u00fcr das Bild: \u25ba&nbsp;<a href=\"https:\/\/jockyart.de\/de_de\/prophetisches-bild-die-nackte-frau-im-farbrausch-und-ihre-bedeutung\/\" target=\"_blank\" rel=\"noreferrer noopener\">klick<\/a><\/p>\n","protected":false},"excerpt":{"rendered":"<p>Das ist ja der absolute Hammer!!!!!!! Ich bin echt gepl\u00e4ttet. Ich hatte ja so gar keine Vorstellung, sondern habe ja bewusst gesagt, ich w\u00fcnsche mir ein prophetisches Bild. Dass das auch Zeit in Anspruch nimmt, hat mich gar nicht gewundert. Das Bild spiegelt mein aktuelles Seelenleben so krass wieder, dass es unheimlich ist. Genau SO [&hellip;]<\/p>\n","protected":false},"author":1,"featured_media":0,"parent":1044,"menu_order":0,"comment_status":"closed","ping_status":"closed","template":"","meta":{"footnotes":""},"class_list":["post-10954","page","type-page","status-publish","hentry"],"_links":{"self":[{"href":"https:\/\/jockyart.de\/de_de\/wp-json\/wp\/v2\/pages\/10954","targetHints":{"allow":["GET"]}}],"collection":[{"href":"https:\/\/jockyart.de\/de_de\/wp-json\/wp\/v2\/pages"}],"about":[{"href":"https:\/\/jockyart.de\/de_de\/wp-json\/wp\/v2\/types\/page"}],"author":[{"embeddable":true,"href":"https:\/\/jockyart.de\/de_de\/wp-json\/wp\/v2\/users\/1"}],"replies":[{"embeddable":true,"href":"https:\/\/jockyart.de\/de_de\/wp-json\/wp\/v2\/comments?post=10954"}],"version-history":[{"count":6,"href":"https:\/\/jockyart.de\/de_de\/wp-json\/wp\/v2\/pages\/10954\/revisions"}],"predecessor-version":[{"id":11021,"href":"https:\/\/jockyart.de\/de_de\/wp-json\/wp\/v2\/pages\/10954\/revisions\/11021"}],"up":[{"embeddable":true,"href":"https:\/\/jockyart.de\/de_de\/wp-json\/wp\/v2\/pages\/1044"}],"wp:attachment":[{"href":"https:\/\/jockyart.de\/de_de\/wp-json\/wp\/v2\/media?parent=10954"}],"curies":[{"name":"wp","href":"https:\/\/api.w.org\/{rel}","templated":true}]}}