{"id":10951,"date":"2025-05-05T14:26:54","date_gmt":"2025-05-05T12:26:54","guid":{"rendered":"https:\/\/jockyart.de\/?page_id=10951"},"modified":"2025-05-20T10:02:47","modified_gmt":"2025-05-20T08:02:47","slug":"regina-ii","status":"publish","type":"page","link":"https:\/\/jockyart.de\/de_de\/testimonials\/regina-ii\/","title":{"rendered":"Regina B. III"},"content":{"rendered":"<div class=\"wp-block-image\">\n<figure class=\"alignleft size-medium\"><img loading=\"lazy\" decoding=\"async\" width=\"213\" height=\"300\" src=\"https:\/\/jockyart.de\/wp-content\/uploads\/2025\/02\/Tor_ins_Ungewisse_web-213x300.jpg\" alt=\"Tor ins Ungewisse\" class=\"wp-image-9991\" srcset=\"https:\/\/jockyart.de\/wp-content\/uploads\/2025\/02\/Tor_ins_Ungewisse_web-213x300.jpg 213w, https:\/\/jockyart.de\/wp-content\/uploads\/2025\/02\/Tor_ins_Ungewisse_web-1091x1536.jpg 1091w, https:\/\/jockyart.de\/wp-content\/uploads\/2025\/02\/Tor_ins_Ungewisse_web-9x12.jpg 9w, https:\/\/jockyart.de\/wp-content\/uploads\/2025\/02\/Tor_ins_Ungewisse_web-1320x1858.jpg 1320w, https:\/\/jockyart.de\/wp-content\/uploads\/2025\/02\/Tor_ins_Ungewisse_web-324x456.jpg 324w, https:\/\/jockyart.de\/wp-content\/uploads\/2025\/02\/Tor_ins_Ungewisse_web-416x586.jpg 416w, https:\/\/jockyart.de\/wp-content\/uploads\/2025\/02\/Tor_ins_Ungewisse_web-768x1081.jpg 768w, https:\/\/jockyart.de\/wp-content\/uploads\/2025\/02\/Tor_ins_Ungewisse_web-728x1024.jpg 728w, https:\/\/jockyart.de\/wp-content\/uploads\/2025\/02\/Tor_ins_Ungewisse_web.jpg 1421w\" sizes=\"auto, (max-width: 213px) 100vw, 213px\" \/><\/figure>\n<\/div>\n\n\n<p class=\"has-text-align-left\">Ich bin wieder mal total ger\u00fchrt und dankbar. Das Bild ist wundersch\u00f6n und es passt wieder zu 100 Prozent. Ich stehe schon seit l\u00e4ngerem vor einer gro\u00dfen Lebensentscheidung, ich h\u00f6re, dass Gott mich ruft, aber es macht mir gleichzeitig gro\u00dfe Angst.&nbsp;<\/p>\n\n\n\n<p>Dein Bild ermutigt mich deshalb sehr, diesen Schritt zu wagen und ich werde es tun, im Vertrauen auf Gott.&nbsp;<\/p>\n\n\n\n<p>Kleiner Nachtrag: Das Tor in deinem Bild erinnert mich sehr an die T\u00fcren in meiner Wohnung. Ich habe keine \u201enormalen T\u00fcren\u201c, sondern T\u00fcren mit einem sch\u00f6nen Rundbogen. Au\u00dferdem sind die W\u00e4nde gemauert. Deshalb habe ich meine Wohnung immer spa\u00dfeshalber \u201ePrinzessinnen\u201c-Wohnung genannt.&nbsp;<\/p>\n\n\n\n<p>Es passt soo gut zu deinem gemalten Bild. Aber nun ist es an der Zeit, das Gewohnte hinter mir zu lassen und neue Schritte zu wagen.&nbsp;<\/p>\n\n\n\n<p>Link zum Blogbeitrag mit dem Eindruck f\u00fcr das Bild: \u25ba <a href=\"https:\/\/jockyart.de\/wp-content\/uploads\/2025\/02\/Tor_ins_Ungewisse_web.jpg\" data-type=\"attachment\" data-id=\"9991\">klick<\/a><\/p>\n","protected":false},"excerpt":{"rendered":"<p>Ich bin wieder mal total ger\u00fchrt und dankbar. Das Bild ist wundersch\u00f6n und es passt wieder zu 100 Prozent. Ich stehe schon seit l\u00e4ngerem vor einer gro\u00dfen Lebensentscheidung, ich h\u00f6re, dass Gott mich ruft, aber es macht mir gleichzeitig gro\u00dfe Angst.&nbsp; Dein Bild ermutigt mich deshalb sehr, diesen Schritt zu wagen und ich werde es [&hellip;]<\/p>\n","protected":false},"author":1,"featured_media":0,"parent":1044,"menu_order":0,"comment_status":"closed","ping_status":"closed","template":"","meta":{"footnotes":""},"class_list":["post-10951","page","type-page","status-publish","hentry"],"_links":{"self":[{"href":"https:\/\/jockyart.de\/de_de\/wp-json\/wp\/v2\/pages\/10951","targetHints":{"allow":["GET"]}}],"collection":[{"href":"https:\/\/jockyart.de\/de_de\/wp-json\/wp\/v2\/pages"}],"about":[{"href":"https:\/\/jockyart.de\/de_de\/wp-json\/wp\/v2\/types\/page"}],"author":[{"embeddable":true,"href":"https:\/\/jockyart.de\/de_de\/wp-json\/wp\/v2\/users\/1"}],"replies":[{"embeddable":true,"href":"https:\/\/jockyart.de\/de_de\/wp-json\/wp\/v2\/comments?post=10951"}],"version-history":[{"count":2,"href":"https:\/\/jockyart.de\/de_de\/wp-json\/wp\/v2\/pages\/10951\/revisions"}],"predecessor-version":[{"id":11016,"href":"https:\/\/jockyart.de\/de_de\/wp-json\/wp\/v2\/pages\/10951\/revisions\/11016"}],"up":[{"embeddable":true,"href":"https:\/\/jockyart.de\/de_de\/wp-json\/wp\/v2\/pages\/1044"}],"wp:attachment":[{"href":"https:\/\/jockyart.de\/de_de\/wp-json\/wp\/v2\/media?parent=10951"}],"curies":[{"name":"wp","href":"https:\/\/api.w.org\/{rel}","templated":true}]}}