{"id":1093,"date":"2022-04-09T16:57:23","date_gmt":"2022-04-09T14:57:23","guid":{"rendered":"https:\/\/jockyart.de\/?page_id=1093"},"modified":"2022-04-18T12:18:49","modified_gmt":"2022-04-18T10:18:49","slug":"k-r","status":"publish","type":"page","link":"https:\/\/jockyart.de\/de_de\/testimonials\/k-r\/","title":{"rendered":"Kathrin R."},"content":{"rendered":"\n<div class=\"wp-block-image\"><figure class=\"alignleft size-full is-resized\"><img loading=\"lazy\" decoding=\"async\" src=\"https:\/\/jockyart.de\/wp-content\/uploads\/2022\/04\/testi_Leuchtende_Blume_Geschenk.jpg\" alt=\"\" class=\"wp-image-1095\" width=\"402\" height=\"300\" srcset=\"https:\/\/jockyart.de\/wp-content\/uploads\/2022\/04\/testi_Leuchtende_Blume_Geschenk.jpg 804w, https:\/\/jockyart.de\/wp-content\/uploads\/2022\/04\/testi_Leuchtende_Blume_Geschenk-324x242.jpg 324w, https:\/\/jockyart.de\/wp-content\/uploads\/2022\/04\/testi_Leuchtende_Blume_Geschenk-416x310.jpg 416w, https:\/\/jockyart.de\/wp-content\/uploads\/2022\/04\/testi_Leuchtende_Blume_Geschenk-16x12.jpg 16w, https:\/\/jockyart.de\/wp-content\/uploads\/2022\/04\/testi_Leuchtende_Blume_Geschenk-300x224.jpg 300w, https:\/\/jockyart.de\/wp-content\/uploads\/2022\/04\/testi_Leuchtende_Blume_Geschenk-768x573.jpg 768w\" sizes=\"auto, (max-width: 402px) 100vw, 402px\" \/><\/figure><\/div>\n\n\n\n<p>Lieber Johannes,<br>ich habe heute von einer Kommilitonin und Freundin ein im wahrsten Sinn des Wortes wunderbares und wundersch\u00f6nes Bild geschenkt bekommen.<\/p>\n\n\n\n<p><strong>Ich bin so so sehr beeindruckt und ber\u00fchrt von diesem Bild und dem beiliegenden Brief! Ich hab das Gef\u00fchl, als kennen wir uns schon ewig, aber meine Freundin sagte mir, dass Gott mich kennt und zu Dir gesprochen hat.<\/strong><\/p>\n\n\n\n<p>Es ist das Bild mit der leuchtenden Hibiskusbl\u00fcte und dem gr\u00fcnen Hintergrund. Ich liebe Hibikusbl\u00fcten weil sie mich an meine Kindheit erinnern. Meine Mutti hatte eine Hibiskus-Zimmerpflanze und hat diese gehegt und gepflegt. \u00dcber viele Jahre habe ich dieses B\u00e4umchen weitergepflegt aber irgendwann ist es eingegangen. Ich hab mir eine neue gekauft, welche auch nicht aufh\u00f6rt zu bl\u00fchen.<\/p>\n\n\n\n<p>Ich hab mehrere liebe Menschen meiner Familie um mich herum, welche zurzeit alle in irgendeiner Weise (schwere Krankheit, Alter, Schulprobleme, Operationen) meine Hilfe ben\u00f6tigen und ich versuche alles zu geben, weil mir diese Menschen am Herzen liegen. Ich f\u00fchle mich dadurch oft zerrissen und hab das Gef\u00fchl, das ich dem nicht mehr gerecht werden kann.<\/p>\n\n\n\n<p>Das Bild und Dein Brief sowie der Vergleich, dass ich eine leuchtende Blume und f\u00fcr andere Menschen ein Lichtblick bin, haben mir wieder Kraft gegeben und den Weg gewiesen. Ich muss wie eine Blume selbst Kraft tanken und auch mal Pause machen, damit ich meinen Liebsten weiter helfen und sie tr\u00f6sten kann.<\/p>\n\n\n\n<p>Danke dass es dich gibt und f\u00fcr deine Gabe, andere Menschen zu ber\u00fchren.<\/p>\n\n\n\n<p>Herzliche Gr\u00fc\u00dfe<br>Kathrin<\/p>\n\n\n<p><!-- \/wp:post-content --><\/p>\n<p><!-- \/wp:themeisle-blocks\/advanced-columns --><\/p>","protected":false},"excerpt":{"rendered":"<p>Lieber Johannes,ich habe heute von einer Kommilitonin und Freundin ein im wahrsten Sinn des Wortes wunderbares und wundersch\u00f6nes Bild geschenkt bekommen. Ich bin so so sehr beeindruckt und ber\u00fchrt von diesem Bild und dem beiliegenden Brief! Ich hab das Gef\u00fchl, als kennen wir uns schon ewig, aber meine Freundin sagte mir, dass Gott mich kennt [&hellip;]<\/p>\n","protected":false},"author":1,"featured_media":0,"parent":1044,"menu_order":0,"comment_status":"closed","ping_status":"closed","template":"","meta":{"footnotes":""},"class_list":["post-1093","page","type-page","status-publish","hentry"],"_links":{"self":[{"href":"https:\/\/jockyart.de\/de_de\/wp-json\/wp\/v2\/pages\/1093","targetHints":{"allow":["GET"]}}],"collection":[{"href":"https:\/\/jockyart.de\/de_de\/wp-json\/wp\/v2\/pages"}],"about":[{"href":"https:\/\/jockyart.de\/de_de\/wp-json\/wp\/v2\/types\/page"}],"author":[{"embeddable":true,"href":"https:\/\/jockyart.de\/de_de\/wp-json\/wp\/v2\/users\/1"}],"replies":[{"embeddable":true,"href":"https:\/\/jockyart.de\/de_de\/wp-json\/wp\/v2\/comments?post=1093"}],"version-history":[{"count":5,"href":"https:\/\/jockyart.de\/de_de\/wp-json\/wp\/v2\/pages\/1093\/revisions"}],"predecessor-version":[{"id":1131,"href":"https:\/\/jockyart.de\/de_de\/wp-json\/wp\/v2\/pages\/1093\/revisions\/1131"}],"up":[{"embeddable":true,"href":"https:\/\/jockyart.de\/de_de\/wp-json\/wp\/v2\/pages\/1044"}],"wp:attachment":[{"href":"https:\/\/jockyart.de\/de_de\/wp-json\/wp\/v2\/media?parent=1093"}],"curies":[{"name":"wp","href":"https:\/\/api.w.org\/{rel}","templated":true}]}}