{"id":1068,"date":"2022-04-08T14:27:16","date_gmt":"2022-04-08T12:27:16","guid":{"rendered":"https:\/\/jockyart.de\/?page_id=1068"},"modified":"2022-04-18T12:18:12","modified_gmt":"2022-04-18T10:18:12","slug":"d-z","status":"publish","type":"page","link":"https:\/\/jockyart.de\/de_de\/testimonials\/d-z\/","title":{"rendered":"Desiree Z."},"content":{"rendered":"\n<div class=\"wp-block-image\"><figure class=\"alignleft size-full is-resized\"><img loading=\"lazy\" decoding=\"async\" src=\"https:\/\/jockyart.de\/wp-content\/uploads\/2022\/04\/testi_verborgenheit.jpg\" alt=\"\" class=\"wp-image-1028\" width=\"300\" height=\"223\" srcset=\"https:\/\/jockyart.de\/wp-content\/uploads\/2022\/04\/testi_verborgenheit.jpg 600w, https:\/\/jockyart.de\/wp-content\/uploads\/2022\/04\/testi_verborgenheit-324x241.jpg 324w, https:\/\/jockyart.de\/wp-content\/uploads\/2022\/04\/testi_verborgenheit-416x309.jpg 416w, https:\/\/jockyart.de\/wp-content\/uploads\/2022\/04\/testi_verborgenheit-16x12.jpg 16w, https:\/\/jockyart.de\/wp-content\/uploads\/2022\/04\/testi_verborgenheit-300x223.jpg 300w\" sizes=\"auto, (max-width: 300px) 100vw, 300px\" \/><\/figure><\/div>\n\n\n\n<p class=\"has-text-align-left\">Hallo lieber Jocky,<br>ich danke dir von Herzen, das passt wie Arsch auf Eimer. Also definitiv bist du da \u201eright on track, Baby\u201c. <br><br>Ber\u00fchrt mich sehr, ich danke dir von Herzen. Der Herr segne dich m\u00e4chtig daf\u00fcr. Ich danke dir wirklich von Herzen, lieber Bruder. Der Vater segnet dich m\u00e4chtig, Mensch.<br><br>[\u2026] Der Eindruck passt zu tausend Prozent. Vielen, vielen Dank. Und es stimmt auch. Ich war so lange zu Hause und es ist echt komisch jetzt so, aber ja, ich wei\u00df, dass es dran ist.<br><br>Du wei\u00dft ja auch die Adler, die tun ja ihre Jungen aus \u2018m Nest schmei\u00dfen, beziehungsweise das Nest so mit Dornen teilweise bespicken, dass die kleinen Adlerjungen das nicht mehr aushalten und anfangen zu fliegen. Und genau da bin ich. Ich danke dir, mein Lieber. Sei ganz fett gesegnet.<br><br>Ey, ich danke dir echt, das bedeutet mir sehr viel. Das wei\u00df ich wirklich sehr zu sch\u00e4tzen und ich wei\u00df auch, dass der Vater dich daf\u00fcr segnen wird und das ist wirklich voll on track. Ich danke dir, sei gesegnet.<\/p>\n","protected":false},"excerpt":{"rendered":"<p>Hallo lieber Jocky,ich danke dir von Herzen, das passt wie Arsch auf Eimer. Also definitiv bist du da \u201eright on track, Baby\u201c. Ber\u00fchrt mich sehr, ich danke dir von Herzen. Der Herr segne dich m\u00e4chtig daf\u00fcr. Ich danke dir wirklich von Herzen, lieber Bruder. Der Vater segnet dich m\u00e4chtig, Mensch. [\u2026] Der Eindruck passt zu [&hellip;]<\/p>\n","protected":false},"author":1,"featured_media":0,"parent":1044,"menu_order":0,"comment_status":"closed","ping_status":"closed","template":"","meta":{"footnotes":""},"class_list":["post-1068","page","type-page","status-publish","hentry"],"_links":{"self":[{"href":"https:\/\/jockyart.de\/de_de\/wp-json\/wp\/v2\/pages\/1068","targetHints":{"allow":["GET"]}}],"collection":[{"href":"https:\/\/jockyart.de\/de_de\/wp-json\/wp\/v2\/pages"}],"about":[{"href":"https:\/\/jockyart.de\/de_de\/wp-json\/wp\/v2\/types\/page"}],"author":[{"embeddable":true,"href":"https:\/\/jockyart.de\/de_de\/wp-json\/wp\/v2\/users\/1"}],"replies":[{"embeddable":true,"href":"https:\/\/jockyart.de\/de_de\/wp-json\/wp\/v2\/comments?post=1068"}],"version-history":[{"count":4,"href":"https:\/\/jockyart.de\/de_de\/wp-json\/wp\/v2\/pages\/1068\/revisions"}],"predecessor-version":[{"id":1129,"href":"https:\/\/jockyart.de\/de_de\/wp-json\/wp\/v2\/pages\/1068\/revisions\/1129"}],"up":[{"embeddable":true,"href":"https:\/\/jockyart.de\/de_de\/wp-json\/wp\/v2\/pages\/1044"}],"wp:attachment":[{"href":"https:\/\/jockyart.de\/de_de\/wp-json\/wp\/v2\/media?parent=1068"}],"curies":[{"name":"wp","href":"https:\/\/api.w.org\/{rel}","templated":true}]}}