{"id":1051,"date":"2022-04-08T14:11:08","date_gmt":"2022-04-08T12:11:08","guid":{"rendered":"https:\/\/jockyart.de\/?page_id=1051"},"modified":"2025-05-20T11:24:11","modified_gmt":"2025-05-20T09:24:11","slug":"corinna-w","status":"publish","type":"page","link":"https:\/\/jockyart.de\/de_de\/testimonials\/corinna-w\/","title":{"rendered":"Corinna W."},"content":{"rendered":"<div class=\"wp-block-image\">\n<figure data-wp-context=\"{&quot;imageId&quot;:&quot;69db8f17bd174&quot;}\" data-wp-interactive=\"core\/image\" data-wp-key=\"69db8f17bd174\" class=\"alignleft size-full is-resized wp-lightbox-container\"><img loading=\"lazy\" decoding=\"async\" width=\"600\" height=\"809\" data-wp-class--hide=\"state.isContentHidden\" data-wp-class--show=\"state.isContentVisible\" data-wp-init=\"callbacks.setButtonStyles\" data-wp-on--click=\"actions.showLightbox\" data-wp-on--load=\"callbacks.setButtonStyles\" data-wp-on-window--resize=\"callbacks.setButtonStyles\" src=\"https:\/\/jockyart.de\/wp-content\/uploads\/2022\/04\/testi_eingehuellt.jpg\" alt=\"\" class=\"wp-image-1032\" style=\"width:300px;height:405px\" srcset=\"https:\/\/jockyart.de\/wp-content\/uploads\/2022\/04\/testi_eingehuellt.jpg 600w, https:\/\/jockyart.de\/wp-content\/uploads\/2022\/04\/testi_eingehuellt-324x437.jpg 324w, https:\/\/jockyart.de\/wp-content\/uploads\/2022\/04\/testi_eingehuellt-416x561.jpg 416w, https:\/\/jockyart.de\/wp-content\/uploads\/2022\/04\/testi_eingehuellt-9x12.jpg 9w, https:\/\/jockyart.de\/wp-content\/uploads\/2022\/04\/testi_eingehuellt-222x300.jpg 222w\" sizes=\"auto, (max-width: 600px) 100vw, 600px\" \/><button\n\t\t\tclass=\"lightbox-trigger\"\n\t\t\ttype=\"button\"\n\t\t\taria-haspopup=\"dialog\"\n\t\t\taria-label=\"Vergr\u00f6\u00dfern\"\n\t\t\tdata-wp-init=\"callbacks.initTriggerButton\"\n\t\t\tdata-wp-on--click=\"actions.showLightbox\"\n\t\t\tdata-wp-style--right=\"state.imageButtonRight\"\n\t\t\tdata-wp-style--top=\"state.imageButtonTop\"\n\t\t>\n\t\t\t<svg xmlns=\"http:\/\/www.w3.org\/2000\/svg\" width=\"12\" height=\"12\" fill=\"none\" viewBox=\"0 0 12 12\">\n\t\t\t\t<path fill=\"#fff\" d=\"M2 0a2 2 0 0 0-2 2v2h1.5V2a.5.5 0 0 1 .5-.5h2V0H2Zm2 10.5H2a.5.5 0 0 1-.5-.5V8H0v2a2 2 0 0 0 2 2h2v-1.5ZM8 12v-1.5h2a.5.5 0 0 0 .5-.5V8H12v2a2 2 0 0 1-2 2H8Zm2-12a2 2 0 0 1 2 2v2h-1.5V2a.5.5 0 0 0-.5-.5H8V0h2Z\" \/>\n\t\t\t<\/svg>\n\t\t<\/button><\/figure>\n<\/div>\n\n\n<p>Lieber Johannes,<\/p>\n\n\n\n<p>was soll ich sagen. Alles in allem: sehr anr\u00fchrend, sehr ber\u00fchrend! F\u00fcr mich besteht kein Zweifel, dass Gott diese Gabe best\u00e4tigt und ich werde daf\u00fcr beten, dass du so viele Auftr\u00e4ge erh\u00e4ltst, dass du genau das leben kannst, wozu der Vater dich berufen hat und auf diese Weise ein Segen f\u00fcr viele wirst. Was mich freut ist auch, dass wir uns durch dieses Bild ein bisschen mehr kennengelernt haben. Und ich mag dein Herz total! Ich ermutige dich sehr: Nimm dein Land ein! Du bist ein fetter Segen!<\/p>\n\n\n\n<p>Umh\u00fcllt von seiner Liebe auf Englisch wrapped in His love \u2013 wrapped = eingewickelt f\u00fcr mich gleichzusetzen einer Umarmung\u2026.<br>Mitten in meine Sehnsucht, in den Arm genommen zu werden traf mich das Bild direkt mitten ins Herz. Es liegt keine leichte Zeit hinter mir und in manchen Dingen stecke ich noch mittendrin.<\/p>\n\n\n\n<p>Als ich dann das erste Mal das Bild und den Titel sah war ich so tief anger\u00fchrt, dass Gott einen Kanal in mir freilegte, ich weinte und weinte und weinte\u2026weil Er, Gott pers\u00f6nlich, mich sozusagen in den Arm nahm und mir durch dieses Bild, Seine tiefe Liebe, Seine absolute Hingabe an mich ganz neu sp\u00fcrbar ausgedr\u00fcckt hat. Hierdurch fing tiefe Heilung an zu flie\u00dfen und gleichzeitig kann ich sp\u00fcren, dass Neues anf\u00e4ngt zu wachsen\u2026<\/p>\n\n\n\n<p>Noch wei\u00df ich nicht genau was und in welche Richtung es gehen wird, aber es ist ganz deutlich: Neues Leben entsteht\u2026aus der Intimit\u00e4t mit dem Vater\u2026hervorgerufen durch ein Bild.<\/p>\n\n\n\n<p>Wow, wie kreativ ist doch unser Gott?!<\/p>\n","protected":false},"excerpt":{"rendered":"<p>Lieber Johannes, was soll ich sagen. Alles in allem: sehr anr\u00fchrend, sehr ber\u00fchrend! F\u00fcr mich besteht kein Zweifel, dass Gott diese Gabe best\u00e4tigt und ich werde daf\u00fcr beten, dass du so viele Auftr\u00e4ge erh\u00e4ltst, dass du genau das leben kannst, wozu der Vater dich berufen hat und auf diese Weise ein Segen f\u00fcr viele wirst. [&hellip;]<\/p>\n","protected":false},"author":1,"featured_media":0,"parent":1044,"menu_order":0,"comment_status":"closed","ping_status":"closed","template":"","meta":{"footnotes":""},"class_list":["post-1051","page","type-page","status-publish","hentry"],"_links":{"self":[{"href":"https:\/\/jockyart.de\/de_de\/wp-json\/wp\/v2\/pages\/1051","targetHints":{"allow":["GET"]}}],"collection":[{"href":"https:\/\/jockyart.de\/de_de\/wp-json\/wp\/v2\/pages"}],"about":[{"href":"https:\/\/jockyart.de\/de_de\/wp-json\/wp\/v2\/types\/page"}],"author":[{"embeddable":true,"href":"https:\/\/jockyart.de\/de_de\/wp-json\/wp\/v2\/users\/1"}],"replies":[{"embeddable":true,"href":"https:\/\/jockyart.de\/de_de\/wp-json\/wp\/v2\/comments?post=1051"}],"version-history":[{"count":4,"href":"https:\/\/jockyart.de\/de_de\/wp-json\/wp\/v2\/pages\/1051\/revisions"}],"predecessor-version":[{"id":11024,"href":"https:\/\/jockyart.de\/de_de\/wp-json\/wp\/v2\/pages\/1051\/revisions\/11024"}],"up":[{"embeddable":true,"href":"https:\/\/jockyart.de\/de_de\/wp-json\/wp\/v2\/pages\/1044"}],"wp:attachment":[{"href":"https:\/\/jockyart.de\/de_de\/wp-json\/wp\/v2\/media?parent=1051"}],"curies":[{"name":"wp","href":"https:\/\/api.w.org\/{rel}","templated":true}]}}