{"id":1044,"date":"2022-04-08T14:08:25","date_gmt":"2022-04-08T12:08:25","guid":{"rendered":"https:\/\/jockyart.de\/?page_id=1044"},"modified":"2025-05-20T16:32:20","modified_gmt":"2025-05-20T14:32:20","slug":"testimonials","status":"publish","type":"page","link":"https:\/\/jockyart.de\/de_de\/testimonials\/","title":{"rendered":"Testimonials"},"content":{"rendered":"\n<p>Ich bin sehr froh, dass ich auf meine Auftragsbilder immer wieder Feedback von meinen Auftraggebern oder den Empf\u00e4ngern der Bilder bekomme. Teilweise kannte ich die Leute nicht pers\u00f6nlich, hatte oft nur den Namen. Auch bei Freunden wusste ich ja nicht, was gerade in ihrem Leben los war. Umso begeisternder ist die oft \u00fcberschw\u00e4ngliche R\u00fcckmeldung! Aber lest selbst!<\/p>\n\n\n\n<div class=\"wp-block-columns is-layout-flex wp-container-core-columns-is-layout-28f84493 wp-block-columns-is-layout-flex\">\n<div class=\"wp-block-column is-layout-flow wp-block-column-is-layout-flow\"><div class=\"wp-block-image\">\n<figure class=\"aligncenter size-thumbnail has-custom-border\"><img data-recalc-dims=\"1\" loading=\"lazy\" decoding=\"async\" width=\"150\" height=\"150\" src=\"https:\/\/i0.wp.com\/jockyart.de\/wp-content\/uploads\/2022\/06\/Gerichtssaal_Kreuz_Gnade_Friede_Gerechtigkeit.jpg?resize=150%2C150&#038;ssl=1\" alt=\"Gerichtssaal_Kreuz_Gnade_Friede_Gerechtigkeit\" class=\"wp-image-2703\" style=\"border-radius:100px\" srcset=\"https:\/\/i0.wp.com\/jockyart.de\/wp-content\/uploads\/2022\/06\/Gerichtssaal_Kreuz_Gnade_Friede_Gerechtigkeit.jpg?resize=150%2C150&amp;ssl=1 150w, https:\/\/i0.wp.com\/jockyart.de\/wp-content\/uploads\/2022\/06\/Gerichtssaal_Kreuz_Gnade_Friede_Gerechtigkeit.jpg?resize=100%2C100&amp;ssl=1 100w, https:\/\/i0.wp.com\/jockyart.de\/wp-content\/uploads\/2022\/06\/Gerichtssaal_Kreuz_Gnade_Friede_Gerechtigkeit.jpg?zoom=2&amp;resize=150%2C150&amp;ssl=1 300w, https:\/\/i0.wp.com\/jockyart.de\/wp-content\/uploads\/2022\/06\/Gerichtssaal_Kreuz_Gnade_Friede_Gerechtigkeit.jpg?zoom=3&amp;resize=150%2C150&amp;ssl=1 450w\" sizes=\"auto, (max-width: 150px) 100vw, 150px\" \/><\/figure>\n<\/div>\n\n\n<h3 class=\"wp-block-heading\" id=\"wp-block-themeisle-blocks-advanced-heading-466ae1f6\">Klaus H II<\/h3>\n\n\n\n<p class=\"has-text-align-left\" id=\"wp-block-themeisle-blocks-advanced-heading-ba2c8d1e\">&#8220;Das Bild trifft genau in meine derzeitige Situation. Ich stand in der letzten Zeit wie unter Anklage, dass ich das Leben nicht so erf\u00fclle, wie es eigentlich Jesus gerne h\u00e4tte.&#8221;<br><br><a href=\"https:\/\/jockyart.de\/de_de\/testimonials\/klaus-h-ii\/\">Weiterlesen<\/a><\/p>\n<\/div>\n\n\n\n<div class=\"wp-block-column is-layout-flow wp-block-column-is-layout-flow\">\n<p><\/p>\n<\/div>\n\n\n\n<div class=\"wp-block-column is-layout-flow wp-block-column-is-layout-flow\"><div class=\"wp-block-image\">\n<figure class=\"aligncenter size-thumbnail has-custom-border\"><img data-recalc-dims=\"1\" loading=\"lazy\" decoding=\"async\" width=\"150\" height=\"150\" src=\"https:\/\/i0.wp.com\/jockyart.de\/wp-content\/uploads\/2022\/08\/Himmlischer_Streitwagen_web.png?resize=150%2C150&#038;ssl=1\" alt=\"Der Himmlische Streitwagen\" class=\"wp-image-3849\" style=\"border-radius:100px\" srcset=\"https:\/\/i0.wp.com\/jockyart.de\/wp-content\/uploads\/2022\/08\/Himmlischer_Streitwagen_web.png?resize=150%2C150&amp;ssl=1 150w, https:\/\/i0.wp.com\/jockyart.de\/wp-content\/uploads\/2022\/08\/Himmlischer_Streitwagen_web.png?resize=100%2C100&amp;ssl=1 100w, https:\/\/i0.wp.com\/jockyart.de\/wp-content\/uploads\/2022\/08\/Himmlischer_Streitwagen_web.png?zoom=2&amp;resize=150%2C150&amp;ssl=1 300w, https:\/\/i0.wp.com\/jockyart.de\/wp-content\/uploads\/2022\/08\/Himmlischer_Streitwagen_web.png?zoom=3&amp;resize=150%2C150&amp;ssl=1 450w\" sizes=\"auto, (max-width: 150px) 100vw, 150px\" \/><\/figure>\n<\/div>\n\n\n<h3 class=\"wp-block-heading\" id=\"wp-block-themeisle-blocks-advanced-heading-72dfc63a\">Regina B. II<\/h3>\n\n\n\n<p class=\"has-text-align-left\" id=\"wp-block-themeisle-blocks-advanced-heading-99d4ac33\">&#8220;Und was soll ich sagen\u2026 das Bild ist so unfassbar sch\u00f6n!! Ich liebe es und k\u00f6nnte es mir die ganze Zeit ansehen, es r\u00fchrt mich zu Tr\u00e4nen! Die Taube ist so wundersch\u00f6n, sie sieht so stark aus, voller Kraft. Und die goldene, feurige Farbe\u2026 sie sieht so k\u00f6niglich aus. Ich bin beeindruckt und dankbar f\u00fcr das Bild, nur f\u00fcr mich gemalt.<\/p>\n\n\n\n<p class=\"has-text-align-left\" id=\"wp-block-themeisle-blocks-advanced-heading-99d4ac33\">Und die Botschaft dahinter ist heftig&#8230;&#8221;<\/p>\n\n\n\n<p><a href=\"https:\/\/jockyart.de\/de_de\/testimonials\/regina-b-ii\/\">Weiterlesen<\/a><\/p>\n<\/div>\n<\/div>\n\n\n\n<div class=\"wp-block-columns is-layout-flex wp-container-core-columns-is-layout-28f84493 wp-block-columns-is-layout-flex\">\n<div class=\"wp-block-column is-layout-flow wp-block-column-is-layout-flow\"><div class=\"wp-block-image\">\n<figure class=\"aligncenter size-thumbnail has-custom-border\"><img data-recalc-dims=\"1\" loading=\"lazy\" decoding=\"async\" width=\"150\" height=\"150\" src=\"https:\/\/i0.wp.com\/jockyart.de\/wp-content\/uploads\/2024\/08\/Grau_Frau_Farbrausch_web.jpg?resize=150%2C150&#038;ssl=1\" alt=\"Die graue Frau und der Farbrausch\" class=\"wp-image-8501\" style=\"border-radius:100px\" srcset=\"https:\/\/i0.wp.com\/jockyart.de\/wp-content\/uploads\/2024\/08\/Grau_Frau_Farbrausch_web.jpg?resize=150%2C150&amp;ssl=1 150w, https:\/\/i0.wp.com\/jockyart.de\/wp-content\/uploads\/2024\/08\/Grau_Frau_Farbrausch_web.jpg?resize=100%2C100&amp;ssl=1 100w, https:\/\/i0.wp.com\/jockyart.de\/wp-content\/uploads\/2024\/08\/Grau_Frau_Farbrausch_web.jpg?zoom=2&amp;resize=150%2C150&amp;ssl=1 300w, https:\/\/i0.wp.com\/jockyart.de\/wp-content\/uploads\/2024\/08\/Grau_Frau_Farbrausch_web.jpg?zoom=3&amp;resize=150%2C150&amp;ssl=1 450w\" sizes=\"auto, (max-width: 150px) 100vw, 150px\" \/><\/figure>\n<\/div>\n\n\n<h3 class=\"wp-block-heading\" id=\"wp-block-themeisle-blocks-advanced-heading-466ae1f6\">S.D.<\/h3>\n\n\n\n<p class=\"has-text-align-left\" id=\"wp-block-themeisle-blocks-advanced-heading-ba2c8d1e\">&#8220;Das ist ja der absolute Hammer!!!!!!! Ich bin echt gepl\u00e4ttet. Das Bild spiegelt mein aktuelles Seelenleben so krass wieder, dass es unheimlich ist. Genau SO f\u00fchle ich mich in den letzten Wochen und Monaten.<br>Nackt, Lost&#8230;&#8221;<br><br><a href=\"https:\/\/jockyart.de\/de_de\/testimonials\/s-d\/\">Weiterlesen<\/a><\/p>\n<\/div>\n\n\n\n<div class=\"wp-block-column is-layout-flow wp-block-column-is-layout-flow\"><div class=\"wp-block-image\">\n<figure class=\"aligncenter size-thumbnail has-custom-border\"><img data-recalc-dims=\"1\" loading=\"lazy\" decoding=\"async\" width=\"150\" height=\"150\" src=\"https:\/\/i0.wp.com\/jockyart.de\/wp-content\/uploads\/2025\/02\/Tor_ins_Ungewisse_web.jpg?resize=150%2C150&#038;ssl=1\" alt=\"Tor ins Ungewisse\" class=\"wp-image-9991\" style=\"border-radius:100px\" srcset=\"https:\/\/i0.wp.com\/jockyart.de\/wp-content\/uploads\/2025\/02\/Tor_ins_Ungewisse_web.jpg?resize=150%2C150&amp;ssl=1 150w, https:\/\/i0.wp.com\/jockyart.de\/wp-content\/uploads\/2025\/02\/Tor_ins_Ungewisse_web.jpg?resize=100%2C100&amp;ssl=1 100w, https:\/\/i0.wp.com\/jockyart.de\/wp-content\/uploads\/2025\/02\/Tor_ins_Ungewisse_web.jpg?zoom=2&amp;resize=150%2C150&amp;ssl=1 300w, https:\/\/i0.wp.com\/jockyart.de\/wp-content\/uploads\/2025\/02\/Tor_ins_Ungewisse_web.jpg?zoom=3&amp;resize=150%2C150&amp;ssl=1 450w\" sizes=\"auto, (max-width: 150px) 100vw, 150px\" \/><\/figure>\n<\/div>\n\n\n<h3 class=\"wp-block-heading\" id=\"wp-block-themeisle-blocks-advanced-heading-737c5e15\">Regina B. III<\/h3>\n\n\n\n<p class=\"has-text-align-left\" id=\"wp-block-themeisle-blocks-advanced-heading-6ae1dbd1\">&#8220;Ich bin wieder mal total ger\u00fchrt und dankbar. Das Bild ist wundersch\u00f6n und es passt wieder zu 100 Prozent. Ich stehe schon seit l\u00e4ngerem vor einer gro\u00dfen Lebensentscheidung, ich h\u00f6re, dass Gott mich ruft, aber es macht mir gleichzeitig gro\u00dfe Angst.&#8221;<\/p>\n\n\n\n<p><a href=\"https:\/\/jockyart.de\/de_de\/testimonials\/regina-ii\/\">Weiterlesen<\/a><\/p>\n<\/div>\n\n\n\n<div class=\"wp-block-column is-layout-flow wp-block-column-is-layout-flow\"><div class=\"wp-block-image\">\n<figure class=\"aligncenter size-thumbnail has-custom-border\"><img data-recalc-dims=\"1\" loading=\"lazy\" decoding=\"async\" width=\"150\" height=\"150\" src=\"https:\/\/i0.wp.com\/jockyart.de\/wp-content\/uploads\/2024\/03\/Horizonterweiterung_web.png?resize=150%2C150&#038;ssl=1\" alt=\"Horizonterweiterung\" class=\"wp-image-7907\" style=\"border-radius:100px\" srcset=\"https:\/\/i0.wp.com\/jockyart.de\/wp-content\/uploads\/2024\/03\/Horizonterweiterung_web.png?resize=150%2C150&amp;ssl=1 150w, https:\/\/i0.wp.com\/jockyart.de\/wp-content\/uploads\/2024\/03\/Horizonterweiterung_web.png?resize=100%2C100&amp;ssl=1 100w, https:\/\/i0.wp.com\/jockyart.de\/wp-content\/uploads\/2024\/03\/Horizonterweiterung_web.png?zoom=2&amp;resize=150%2C150&amp;ssl=1 300w, https:\/\/i0.wp.com\/jockyart.de\/wp-content\/uploads\/2024\/03\/Horizonterweiterung_web.png?zoom=3&amp;resize=150%2C150&amp;ssl=1 450w\" sizes=\"auto, (max-width: 150px) 100vw, 150px\" \/><\/figure>\n<\/div>\n\n\n<h3 class=\"wp-block-heading\" id=\"wp-block-themeisle-blocks-advanced-heading-72dfc63a\">M.B.<\/h3>\n\n\n\n<p class=\"has-text-align-left\" id=\"wp-block-themeisle-blocks-advanced-heading-99d4ac33\">&#8220;Das Bild ist einfach wundervoll. Es hat wirklich Sprengkraft und deine Worte dazu werden sich erf\u00fcllen. Du hast so gut gearbeitet und es trifft genau den Punkt deiner Prophetie.&#8221;<\/p>\n\n\n\n<p><a href=\"https:\/\/jockyart.de\/de_de\/testimonials\/m-b\/\">Weiterlesen<\/a><\/p>\n<\/div>\n<\/div>\n\n\n\n<div class=\"wp-block-columns is-layout-flex wp-container-core-columns-is-layout-28f84493 wp-block-columns-is-layout-flex\">\n<div class=\"wp-block-column is-layout-flow wp-block-column-is-layout-flow\"><div class=\"wp-block-image\">\n<figure class=\"aligncenter size-thumbnail has-custom-border\"><a href=\"https:\/\/jockyart.de\/testimonials\/maria\/\"><img data-recalc-dims=\"1\" loading=\"lazy\" decoding=\"async\" width=\"150\" height=\"150\" src=\"https:\/\/i0.wp.com\/jockyart.de\/wp-content\/uploads\/2022\/04\/testi_schwimmfl.jpg?resize=150%2C150&#038;ssl=1\" alt=\"\" class=\"wp-image-1025\" style=\"border-radius:100px\" srcset=\"https:\/\/i0.wp.com\/jockyart.de\/wp-content\/uploads\/2022\/04\/testi_schwimmfl.jpg?resize=150%2C150&amp;ssl=1 150w, https:\/\/i0.wp.com\/jockyart.de\/wp-content\/uploads\/2022\/04\/testi_schwimmfl.jpg?resize=100%2C100&amp;ssl=1 100w, https:\/\/i0.wp.com\/jockyart.de\/wp-content\/uploads\/2022\/04\/testi_schwimmfl.jpg?zoom=2&amp;resize=150%2C150&amp;ssl=1 300w, https:\/\/i0.wp.com\/jockyart.de\/wp-content\/uploads\/2022\/04\/testi_schwimmfl.jpg?zoom=3&amp;resize=150%2C150&amp;ssl=1 450w\" sizes=\"auto, (max-width: 150px) 100vw, 150px\" \/><\/a><\/figure>\n<\/div>\n\n\n<h3 class=\"wp-block-heading\" id=\"wp-block-themeisle-blocks-advanced-heading-466ae1f6\">Maria<\/h3>\n\n\n\n<p class=\"has-text-align-left\" id=\"wp-block-themeisle-blocks-advanced-heading-ba2c8d1e\">\u201eJohannes wickelt nicht einfach nur Auftr\u00e4ge ab, sondern nimmt sich wirklich sehr viel Zeit, individuell auf die Auftraggeber einzugehen, zu beten und die empfangenen Bilder und Eindr\u00fccke schlie\u00dflich mit viel Herzblut und K\u00f6nnen k\u00fcnstlerisch umzusetzen.\u201c<br><br><a href=\"https:\/\/jockyart.de\/testimonials\/maria\/\">Weiterlesen<\/a><\/p>\n<\/div>\n\n\n\n<div class=\"wp-block-column is-layout-flow wp-block-column-is-layout-flow\"><div class=\"wp-block-image\">\n<figure class=\"aligncenter has-custom-border\"><a href=\"\/testimonials\/d-z\/\"><img data-recalc-dims=\"1\" loading=\"lazy\" decoding=\"async\" width=\"150\" height=\"150\" src=\"https:\/\/i0.wp.com\/jockyart.de\/wp-content\/uploads\/2022\/04\/testi_verborgenheit.jpg?resize=150%2C150&#038;ssl=1\" alt=\"\" class=\"wp-image-1028\" style=\"border-radius:100px\" srcset=\"https:\/\/i0.wp.com\/jockyart.de\/wp-content\/uploads\/2022\/04\/testi_verborgenheit.jpg?resize=150%2C150&amp;ssl=1 150w, https:\/\/i0.wp.com\/jockyart.de\/wp-content\/uploads\/2022\/04\/testi_verborgenheit.jpg?resize=100%2C100&amp;ssl=1 100w, https:\/\/i0.wp.com\/jockyart.de\/wp-content\/uploads\/2022\/04\/testi_verborgenheit.jpg?zoom=2&amp;resize=150%2C150&amp;ssl=1 300w, https:\/\/i0.wp.com\/jockyart.de\/wp-content\/uploads\/2022\/04\/testi_verborgenheit.jpg?zoom=3&amp;resize=150%2C150&amp;ssl=1 450w\" sizes=\"auto, (max-width: 150px) 100vw, 150px\" \/><\/a><\/figure>\n<\/div>\n\n\n<h3 class=\"wp-block-heading\" id=\"wp-block-themeisle-blocks-advanced-heading-737c5e15\">Desire.Z.<\/h3>\n\n\n\n<p class=\"has-text-align-left\" id=\"wp-block-themeisle-blocks-advanced-heading-6ae1dbd1\">&#8220;Ich danke dir von Herzen, das passt wie Arsch auf Eimer. Der Eindruck passt zu tausend Prozent. Vielen, vielen Dank.&#8221;<\/p>\n\n\n\n<p><a href=\"\/testimonials\/d-z\/\">Weiterlesen<\/a><\/p>\n<\/div>\n\n\n\n<div class=\"wp-block-column is-layout-flow wp-block-column-is-layout-flow\"><div class=\"wp-block-image\">\n<figure class=\"aligncenter has-custom-border\"><a href=\"\/testimonials\/corinna-w\/\"><img data-recalc-dims=\"1\" loading=\"lazy\" decoding=\"async\" width=\"150\" height=\"150\" src=\"https:\/\/i0.wp.com\/jockyart.de\/wp-content\/uploads\/2022\/04\/testi_eingehuellt.jpg?resize=150%2C150&#038;ssl=1\" alt=\"\" class=\"wp-image-1032\" style=\"border-radius:100px\" srcset=\"https:\/\/i0.wp.com\/jockyart.de\/wp-content\/uploads\/2022\/04\/testi_eingehuellt.jpg?resize=150%2C150&amp;ssl=1 150w, https:\/\/i0.wp.com\/jockyart.de\/wp-content\/uploads\/2022\/04\/testi_eingehuellt.jpg?resize=100%2C100&amp;ssl=1 100w, https:\/\/i0.wp.com\/jockyart.de\/wp-content\/uploads\/2022\/04\/testi_eingehuellt.jpg?zoom=2&amp;resize=150%2C150&amp;ssl=1 300w, https:\/\/i0.wp.com\/jockyart.de\/wp-content\/uploads\/2022\/04\/testi_eingehuellt.jpg?zoom=3&amp;resize=150%2C150&amp;ssl=1 450w\" sizes=\"auto, (max-width: 150px) 100vw, 150px\" \/><\/a><\/figure>\n<\/div>\n\n\n<h3 class=\"wp-block-heading\" id=\"wp-block-themeisle-blocks-advanced-heading-72dfc63a\">Corinna W.<\/h3>\n\n\n\n<p class=\"has-text-align-left\" id=\"wp-block-themeisle-blocks-advanced-heading-99d4ac33\">&#8220;Mitten in meine Sehnsucht, in den Arm genommen zu werden, traf mich das Bild direkt mitten ins Herz.&#8221;<\/p>\n\n\n\n<p><a href=\"\/testimonials\/corinna-w\/\">Weiterlesen<\/a><\/p>\n<\/div>\n<\/div>\n\n\n\n<div class=\"wp-block-columns is-layout-flex wp-container-core-columns-is-layout-28f84493 wp-block-columns-is-layout-flex\">\n<div class=\"wp-block-column is-layout-flow wp-block-column-is-layout-flow\">\n<figure class=\"wp-block-image has-custom-border\"><a href=\"\/testimonials\/k-r\/\"><img data-recalc-dims=\"1\" loading=\"lazy\" decoding=\"async\" width=\"150\" height=\"150\" src=\"https:\/\/i0.wp.com\/jockyart.de\/wp-content\/uploads\/2022\/04\/testi_thumb_Leuchtend.jpg?resize=150%2C150&#038;ssl=1\" alt=\"Leuchtende Blume\" class=\"wp-image-1102\" style=\"border-radius:100px\" srcset=\"https:\/\/i0.wp.com\/jockyart.de\/wp-content\/uploads\/2022\/04\/testi_thumb_Leuchtend.jpg?resize=150%2C150&amp;ssl=1 150w, https:\/\/i0.wp.com\/jockyart.de\/wp-content\/uploads\/2022\/04\/testi_thumb_Leuchtend.jpg?resize=324%2C324&amp;ssl=1 324w, https:\/\/i0.wp.com\/jockyart.de\/wp-content\/uploads\/2022\/04\/testi_thumb_Leuchtend.jpg?resize=100%2C100&amp;ssl=1 100w, https:\/\/i0.wp.com\/jockyart.de\/wp-content\/uploads\/2022\/04\/testi_thumb_Leuchtend.jpg?resize=416%2C416&amp;ssl=1 416w, https:\/\/i0.wp.com\/jockyart.de\/wp-content\/uploads\/2022\/04\/testi_thumb_Leuchtend.jpg?resize=12%2C12&amp;ssl=1 12w, https:\/\/i0.wp.com\/jockyart.de\/wp-content\/uploads\/2022\/04\/testi_thumb_Leuchtend.jpg?resize=300%2C300&amp;ssl=1 300w, https:\/\/i0.wp.com\/jockyart.de\/wp-content\/uploads\/2022\/04\/testi_thumb_Leuchtend.jpg?w=600&amp;ssl=1 600w\" sizes=\"auto, (max-width: 150px) 100vw, 150px\" \/><\/a><\/figure>\n\n\n\n<h3 class=\"wp-block-heading\" id=\"wp-block-themeisle-blocks-advanced-heading-e9a99833\">Kathrin<\/h3>\n\n\n\n<p class=\"has-text-align-left\" id=\"wp-block-themeisle-blocks-advanced-heading-6c55a5f1\">&#8220;Ich bin so so sehr beeindruckt und ber\u00fchrt von diesem Bild und dem beiliegenden Brief!<\/p>\n\n\n\n<p>Ich hab das Gef\u00fchl, als kennen wir uns schon ewig, aber meine Freundin sagte mir, dass Gott mich kennt und zu Dir gesprochen hat.&#8221;<\/p>\n\n\n\n<p id=\"wp-block-themeisle-blocks-advanced-heading-ba2c8d1e\"><a href=\"\/testimonials\/k-r\/\">Weiterlesen<\/a><\/p>\n<\/div>\n\n\n\n<div class=\"wp-block-column is-layout-flow wp-block-column-is-layout-flow\">\n<figure class=\"wp-block-image has-custom-border\"><a href=\"\/testimonials\/klaus-h\"><img data-recalc-dims=\"1\" loading=\"lazy\" decoding=\"async\" width=\"150\" height=\"150\" src=\"https:\/\/i0.wp.com\/jockyart.de\/wp-content\/uploads\/2022\/04\/testi_preview_Schreibmaschine.jpg?resize=150%2C150&#038;ssl=1\" alt=\"\" class=\"wp-image-1106\" style=\"border-radius:100px\" srcset=\"https:\/\/i0.wp.com\/jockyart.de\/wp-content\/uploads\/2022\/04\/testi_preview_Schreibmaschine.jpg?resize=150%2C150&amp;ssl=1 150w, https:\/\/i0.wp.com\/jockyart.de\/wp-content\/uploads\/2022\/04\/testi_preview_Schreibmaschine.jpg?resize=324%2C324&amp;ssl=1 324w, https:\/\/i0.wp.com\/jockyart.de\/wp-content\/uploads\/2022\/04\/testi_preview_Schreibmaschine.jpg?resize=100%2C100&amp;ssl=1 100w, https:\/\/i0.wp.com\/jockyart.de\/wp-content\/uploads\/2022\/04\/testi_preview_Schreibmaschine.jpg?resize=416%2C416&amp;ssl=1 416w, https:\/\/i0.wp.com\/jockyart.de\/wp-content\/uploads\/2022\/04\/testi_preview_Schreibmaschine.jpg?resize=12%2C12&amp;ssl=1 12w, https:\/\/i0.wp.com\/jockyart.de\/wp-content\/uploads\/2022\/04\/testi_preview_Schreibmaschine.jpg?resize=300%2C300&amp;ssl=1 300w, https:\/\/i0.wp.com\/jockyart.de\/wp-content\/uploads\/2022\/04\/testi_preview_Schreibmaschine.jpg?w=447&amp;ssl=1 447w\" sizes=\"auto, (max-width: 150px) 100vw, 150px\" \/><\/a><\/figure>\n\n\n\n<h3 class=\"wp-block-heading\" id=\"wp-block-themeisle-blocks-advanced-heading-c691080d\">Klaus<\/h3>\n\n\n\n<p class=\"has-text-align-left\" id=\"wp-block-themeisle-blocks-advanced-heading-66052946\">&#8220;Ja, irgendwie stecke ich gerade fest, wie gel\u00e4hmt und das Vergangene, das Erlebte hat Auswirkungen auf mein Leben.<\/p>\n\n\n\n<p>Das Bild ist sehr Besonders, Eindrucksvoll und Hoffnungsvoll.<br>Es hat Ausdruck, Weite und Zukunft und verhei\u00dft Neues, unendliche Weite und neues Land, neue Ufer.&#8221;<\/p>\n\n\n\n<p><a href=\"\/testimonials\/klaus-h\/\">Weiterlesen<\/a><\/p>\n<\/div>\n\n\n\n<div class=\"wp-block-column is-layout-flow wp-block-column-is-layout-flow\">\n<figure class=\"wp-block-image has-custom-border\"><a href=\"\/testimonials\/regina\/\"><img data-recalc-dims=\"1\" loading=\"lazy\" decoding=\"async\" width=\"150\" height=\"150\" src=\"https:\/\/i0.wp.com\/jockyart.de\/wp-content\/uploads\/2022\/04\/testi_prev_Gebietserweiterung_org.jpg?resize=150%2C150&#038;ssl=1\" alt=\"\" class=\"wp-image-1142\" style=\"border-radius:100px\" srcset=\"https:\/\/i0.wp.com\/jockyart.de\/wp-content\/uploads\/2022\/04\/testi_prev_Gebietserweiterung_org.jpg?resize=150%2C150&amp;ssl=1 150w, https:\/\/i0.wp.com\/jockyart.de\/wp-content\/uploads\/2022\/04\/testi_prev_Gebietserweiterung_org.jpg?resize=324%2C324&amp;ssl=1 324w, https:\/\/i0.wp.com\/jockyart.de\/wp-content\/uploads\/2022\/04\/testi_prev_Gebietserweiterung_org.jpg?resize=100%2C100&amp;ssl=1 100w, https:\/\/i0.wp.com\/jockyart.de\/wp-content\/uploads\/2022\/04\/testi_prev_Gebietserweiterung_org.jpg?resize=416%2C416&amp;ssl=1 416w, https:\/\/i0.wp.com\/jockyart.de\/wp-content\/uploads\/2022\/04\/testi_prev_Gebietserweiterung_org.jpg?resize=12%2C12&amp;ssl=1 12w, https:\/\/i0.wp.com\/jockyart.de\/wp-content\/uploads\/2022\/04\/testi_prev_Gebietserweiterung_org.jpg?resize=300%2C300&amp;ssl=1 300w, https:\/\/i0.wp.com\/jockyart.de\/wp-content\/uploads\/2022\/04\/testi_prev_Gebietserweiterung_org.jpg?w=450&amp;ssl=1 450w\" sizes=\"auto, (max-width: 150px) 100vw, 150px\" \/><\/a><\/figure>\n\n\n\n<h3 class=\"wp-block-heading\" id=\"wp-block-themeisle-blocks-advanced-heading-da0e740f\">Regina B I<\/h3>\n\n\n\n<p class=\"has-text-align-left\" id=\"wp-block-themeisle-blocks-advanced-heading-13f4282a\">&#8220;Das Bild gef\u00e4llt mir, es ist sehr sch\u00f6n gemalt und aussagekr\u00e4ftig. Ziemlich sprachlos war ich, als ich mir das prophetische Wort durchgelesen habe\u2026<\/p>\n\n\n\n<p>Beide Bibelstellen, die Gott dir gegeben hat, habe ich hier im Zusammenhang auch selbst von ihm bekommen!<br>Ich finde das soo sch\u00f6n und freue mich dar\u00fcber, das ist so eine tolle Best\u00e4tigung! &#8220;<\/p>\n\n\n\n<p id=\"wp-block-themeisle-blocks-advanced-heading-99d4ac33\"><a href=\"\/testimonials\/regina\">Weiterlesen<\/a><\/p>\n<\/div>\n<\/div>\n","protected":false},"excerpt":{"rendered":"<p>Ich bin sehr froh, dass ich auf meine Auftragsbilder immer wieder Feedback von meinen Auftraggebern oder den Empf\u00e4ngern der Bilder bekomme. Teilweise kannte ich die Leute nicht pers\u00f6nlich, hatte oft nur den Namen. Auch bei Freunden wusste ich ja nicht, was gerade in ihrem Leben los war. Umso begeisternder ist die oft \u00fcberschw\u00e4ngliche R\u00fcckmeldung! Aber [&hellip;]<\/p>\n","protected":false},"author":1,"featured_media":0,"parent":0,"menu_order":0,"comment_status":"closed","ping_status":"closed","template":"","meta":{"jetpack_post_was_ever_published":false,"footnotes":""},"class_list":["post-1044","page","type-page","status-publish","hentry"],"jetpack-related-posts":[],"jetpack_sharing_enabled":true,"_links":{"self":[{"href":"https:\/\/jockyart.de\/de_de\/wp-json\/wp\/v2\/pages\/1044","targetHints":{"allow":["GET"]}}],"collection":[{"href":"https:\/\/jockyart.de\/de_de\/wp-json\/wp\/v2\/pages"}],"about":[{"href":"https:\/\/jockyart.de\/de_de\/wp-json\/wp\/v2\/types\/page"}],"author":[{"embeddable":true,"href":"https:\/\/jockyart.de\/de_de\/wp-json\/wp\/v2\/users\/1"}],"replies":[{"embeddable":true,"href":"https:\/\/jockyart.de\/de_de\/wp-json\/wp\/v2\/comments?post=1044"}],"version-history":[{"count":14,"href":"https:\/\/jockyart.de\/de_de\/wp-json\/wp\/v2\/pages\/1044\/revisions"}],"predecessor-version":[{"id":11026,"href":"https:\/\/jockyart.de\/de_de\/wp-json\/wp\/v2\/pages\/1044\/revisions\/11026"}],"wp:attachment":[{"href":"https:\/\/jockyart.de\/de_de\/wp-json\/wp\/v2\/media?parent=1044"}],"curies":[{"name":"wp","href":"https:\/\/api.w.org\/{rel}","templated":true}]}}